{"id":35,"date":"2018-06-19T09:01:42","date_gmt":"2018-06-19T09:01:42","guid":{"rendered":"http:\/\/3deemingsolutions.com\/Dhammavinaya\/?page_id=35"},"modified":"2026-01-16T08:55:02","modified_gmt":"2026-01-16T08:55:02","slug":"home","status":"publish","type":"page","link":"https:\/\/dhammavinaya.com\/si\/","title":{"rendered":"Home"},"content":{"rendered":"<div class=\"wp-block-group\"><div class=\"wp-block-group__inner-container is-layout-flow wp-block-group-is-layout-flow\">\r\n<div class=\"wp-block-group\"><div class=\"wp-block-group__inner-container is-layout-flow wp-block-group-is-layout-flow\">\r\n<div class=\"home-intro\">\r\n<p><strong><a href=\"https:\/\/www.amazon.com\/dp\/B08MRW6MR8\" target=\"_blank\" rel=\"noopener noreferrer\"><img loading=\"lazy\" decoding=\"async\" class=\"alignleft wp-image-1142\" src=\"https:\/\/dhammavinaya.com\/wp-content\/uploads\/2021\/01\/Beyond-Mindfulness-Paperback-Cover-3.png\" alt=\"\" width=\"156\" height=\"233\" srcset=\"https:\/\/dhammavinaya.com\/wp-content\/uploads\/2021\/01\/Beyond-Mindfulness-Paperback-Cover-3.png 975w, https:\/\/dhammavinaya.com\/wp-content\/uploads\/2021\/01\/Beyond-Mindfulness-Paperback-Cover-3-201x300.png 201w, https:\/\/dhammavinaya.com\/wp-content\/uploads\/2021\/01\/Beyond-Mindfulness-Paperback-Cover-3-688x1024.png 688w, https:\/\/dhammavinaya.com\/wp-content\/uploads\/2021\/01\/Beyond-Mindfulness-Paperback-Cover-3-768x1144.png 768w\" sizes=\"auto, (max-width: 156px) 85vw, 156px\" \/><\/a>Beyond Mindfulness<\/strong> is a book for intellectually-minded seekers who are wary of the dogmas of traditional religion but are interested in mindfulness meditation. It explores our unexamined adherence to the materialistic worldview and its ignorance of the primacy of consciousness. Nirvana\u2014mental liberation\u2014is then presented as the most meaningful goal to strive for, with the Buddhist path being the ultimate expression of self-improvement and spirituality.<br \/><a href=\"https:\/\/www.amazon.com\/dp\/B08MRW6MR8\">Buy<\/a>\u00a0 \u00a0 \u00a0<a href=\"https:\/\/dhammavinaya.com\/wp-content\/uploads\/2021\/01\/Beyond-Mindfulness-In-Search-of-Wisdom-in-a-Secular-Age.pdf\">PDF<\/a>\u00a0 \u00a0 \u00a0<a href=\"https:\/\/dhammavinaya.com\/wp-content\/uploads\/2021\/01\/Beyond-Mindfulness-Chula-Watugala.azw3\">AZW3<\/a>\u00a0 \u00a0 \u00a0<a href=\"https:\/\/docs.google.com\/document\/d\/1rUSEFvfa_pp8Ng7p4Z736LbpICn5-V0x50p1Kf1KHI4\/edit?usp=sharing\">GDOC<\/a><\/p>\r\n<p><em>Last Update: 2021-01-27<\/em><\/p>\r\n<p>\u00a0<\/p>\r\n<p><strong>Clearing the Way<\/strong> is a book for those with some theoretical knowledge of core Buddhist concepts and experience with meditation techniques and traditions. It uses the early texts of the P\u0101li Canon to resolve popular misinterpretations of the Dhamma.<br \/><a href=\"https:\/\/dhammavinaya.com\/wp-content\/uploads\/2020\/07\/Clearing-the-Way-Resolving-Misinterpretations-of-the-Dhamma.pdf\">PDF<\/a>\u00a0 \u00a0 \u00a0<a href=\"https:\/\/dhammavinaya.com\/wp-content\/uploads\/2020\/07\/Clearing-the-Way-Resolving-Misinterpretations-of-the-Dhamma.azw3\">AZW3<\/a>\u00a0 \u00a0 \u00a0<a href=\"https:\/\/docs.google.com\/document\/d\/1Dz5MMAcnkXLEqkgrxXLaCKFns8BsphEi09upW6UELzE\/edit?usp=sharing\">GDOC<\/a><br \/><em>Last Update: 2020-07-16<\/em><\/p>\r\n<hr \/>\r\n<p><strong>Path of Practice<\/strong> is a compilation of excerpts from the P\u0101li Canon collated according to the gradual path of virtue (<em>s\u012bla<\/em>), concentration (<em>sam\u0101dhi<\/em>) and discernment (<em>pa\u00f1\u00f1\u0101<\/em>). It is a succinct distillation of the Buddhist path focused on practice.<br \/><a href=\"https:\/\/dhammavinaya.com\/wp-content\/uploads\/2020\/01\/Path-of-Practice.pdf\">PDF<\/a>\u00a0 \u00a0 \u00a0<a href=\"https:\/\/dhammavinaya.com\/wp-content\/uploads\/2020\/01\/Path-of-Practice-Chula-Watugala.azw3\">AZW3<\/a>\u00a0 \u00a0 \u00a0<a href=\"https:\/\/docs.google.com\/document\/d\/1AUtDuoajBxzHpxmQ3AZ_BafC7cchoJT6TtByivUdMLA\/edit?usp=sharing\">GDOC<\/a><br \/><em>Last Update: 2020-03-09<\/em><\/p>\r\n<hr \/>\r\n<p><strong>\u0db8\u0d9c \u0db4\u0dd2\u0dc5\u0dd2\u0dc0\u0dd9\u0dad<\/strong><span style=\"font-size: inherit;\"> \u0db6\u0dd4\u0daf\u0dca\u0db0 \u0dc0\u0da0\u0db1\u0dba\u0dda \u0db8\u0dd6\u0dbd\u0dcf\u0dc1\u0dca\u200d\u0dbb\u0dba \u0dc0\u0db1 \u0db4\u0dcf\u0dbd\u0dd2 \u0dc3\u0dd6\u0dad\u0dca\u200d\u0dbb \u0db4\u0dd2\u0da8\u0d9a\u0dba\u0dd9\u0db1\u0dca \u0d8b\u0db4\u0dd4\u0da7\u0dcf\u0d9c\u0dad\u0dca \u0dc3\u0d82\u0d9c\u0dca\u200d\u0dbb\u0dc4\u0dba\u0d9a\u0dd2. \u0db8\u0dd9\u0dc4\u0dd2 \u0dc3\u0dd6\u0dad\u0dca\u200d\u0dbb \u0dc3\u0dd3\u0dbd, \u0dc3\u0db8\u0dcf\u0db0\u0dd2, \u0db4\u0dca\u200d\u0dbb\u0da5\u0dcf \u0dba\u0db1 \u0dc0\u0dca\u200d\u0dba\u0dd4\u0dc4\u0dba\u0da7 \u0d85\u0db1\u0dd4\u0d9a\u0dd6\u0dbd \u0dc0\u0db1 \u0db4\u0dbb\u0dd2\u0daf\u0dd2 \u0dad\u0ddd\u0dbb\u0dcf \u0d9c\u0dd9\u0db1 \u0d87\u0dad.<br \/><\/span><a style=\"font-size: inherit;\" href=\"https:\/\/dhammavinaya.com\/wp-content\/uploads\/2021\/12\/\u0db8\u0d9c-\u0db4\u0dd2\u0dc5\u0dd2\u0dc0\u0dd9\u0dad.pdf\">PDF<\/a><span style=\"font-size: inherit;\">\u00a0 \u00a0 \u00a0<\/span><a style=\"font-size: inherit;\" href=\"https:\/\/docs.google.com\/document\/d\/1EonGy_HKy8uTqkdI6e6JDscL3dVTTaDOKg7c1vCSML4\/edit?usp=sharing\">GDOC<\/a><br \/><em>\u0d85\u0dc0\u0dc3\u0dcf\u0db1 \u0dc3\u0d82\u0dc3\u0dca\u0d9a\u0dbb\u0dab\u0dba: 2020-01-26<br \/><\/em><\/p>\r\n<hr \/>\r\n<p style=\"text-align: center;\"><em style=\"font-size: inherit;\">\u201cNow, if the thought occurs to any of you\u2014\u2018The teaching has lost its arbitrator; we are without a Teacher\u2019\u2014do not view it in that way. Whatever Dhamma and Vinaya I have pointed out and formulated for you, that will be your Teacher after my passing.\u201d<br \/><\/em><span style=\"font-size: inherit;\">\u2014 <\/span><a style=\"font-size: inherit;\" href=\"http:\/\/www.dhammatalks.org\/suttas\/DN\/DN16.html\" target=\"_blank\" rel=\"noopener noreferrer\">DN 16 &#8211; The Great Total Unbinding<\/a><\/p>\r\n<\/div>\r\n<p><!--more--><\/p>\r\n<\/div><\/div>\r\n<\/div><\/div>\r\n\r\n\r\n\r\n<p><\/p>","protected":false},"excerpt":{"rendered":"<p>Sorry, this entry is only available in English.<\/p>\n","protected":false},"author":1,"featured_media":0,"parent":0,"menu_order":0,"comment_status":"closed","ping_status":"closed","template":"template-home.php","meta":{"_monsterinsights_skip_tracking":false,"_monsterinsights_sitenote_active":false,"_monsterinsights_sitenote_note":"","_monsterinsights_sitenote_category":0,"footnotes":""},"class_list":["post-35","page","type-page","status-publish","hentry"],"_links":{"self":[{"href":"https:\/\/dhammavinaya.com\/si\/wp-json\/wp\/v2\/pages\/35","targetHints":{"allow":["GET"]}}],"collection":[{"href":"https:\/\/dhammavinaya.com\/si\/wp-json\/wp\/v2\/pages"}],"about":[{"href":"https:\/\/dhammavinaya.com\/si\/wp-json\/wp\/v2\/types\/page"}],"author":[{"embeddable":true,"href":"https:\/\/dhammavinaya.com\/si\/wp-json\/wp\/v2\/users\/1"}],"replies":[{"embeddable":true,"href":"https:\/\/dhammavinaya.com\/si\/wp-json\/wp\/v2\/comments?post=35"}],"version-history":[{"count":196,"href":"https:\/\/dhammavinaya.com\/si\/wp-json\/wp\/v2\/pages\/35\/revisions"}],"predecessor-version":[{"id":1288,"href":"https:\/\/dhammavinaya.com\/si\/wp-json\/wp\/v2\/pages\/35\/revisions\/1288"}],"wp:attachment":[{"href":"https:\/\/dhammavinaya.com\/si\/wp-json\/wp\/v2\/media?parent=35"}],"curies":[{"name":"wp","href":"https:\/\/api.w.org\/{rel}","templated":true}]}}